{"id":16,"date":"2024-01-14T18:40:38","date_gmt":"2024-01-14T18:40:38","guid":{"rendered":"https:\/\/haslebrass.no\/?page_id=16"},"modified":"2024-01-14T18:54:44","modified_gmt":"2024-01-14T18:54:44","slug":"home","status":"publish","type":"page","link":"https:\/\/haslebrass.no\/","title":{"rendered":"Home"},"content":{"rendered":"\n<div class=\"wp-block-cover alignfull is-light hestia-clear-top-padding\"><span aria-hidden=\"true\" class=\"wp-block-cover__background has-white-background-color has-background-dim-100 has-background-dim\"><\/span><div class=\"wp-block-cover__inner-container is-layout-flow wp-block-cover-is-layout-flow\">\n<h2 class=\"wp-block-heading has-text-align-center has-text-color\" style=\"color:#3c4858\">Hasle Brass<\/h2>\n\n\n\n<div style=\"height:40px\" aria-hidden=\"true\" class=\"wp-block-spacer\"><\/div>\n\n\n\n<div class=\"wp-block-columns container is-layout-flex wp-container-core-columns-is-layout-9d6595d7 wp-block-columns-is-layout-flex\">\n<div class=\"wp-block-column is-layout-flow wp-block-column-is-layout-flow\">\n<p class=\"has-medium-font-size\">Hasle Brass er et av f\u00e5 brassband i Oslo, og best\u00e5r av b\u00e5de amat\u00f8rer, profesjonelle musikere og musikkstudenter. Vi har tilh\u00f8righet i bydel Gr\u00fcnerl\u00f8kka, men rekrutterer medlemmer fra hele Oslo-omr\u00e5det, i alderen 16 \u2013 60 \u00e5r. I l\u00f8pet av en normal sesong har vi et h\u00f8yt aktivitetsniv\u00e5, og deltar blant annet p\u00e5 NM (Bergen), Siddis Brass (Stavanger) og Oslo Brassfestival, samt holder en rekke sm\u00e5 og store konserter i Oslo-omr\u00e5det. Besetningsmessig er korpset et klassisk britisk brassband, utelukkende best\u00e5ende av messinginstrumenter og slagverk.<\/p>\n\n\n\n<h2 class=\"wp-block-heading has-text-align-center\">Spille med oss?<\/h2>\n\n\n\n<p>Hasle Brass \u00f8ver tirsdager fra 1830 &#8211; 2130 p\u00e5 Hasle skole i Oslo. Om du har lyst til \u00e5 spille med oss, ta gjerne <a href=\"https:\/\/haslebrass.no\/index.php\/kontakt\/\" data-type=\"page\" data-id=\"17\">kontakt her.<\/a><\/p>\n<\/div>\n<\/div>\n\n\n\n<div style=\"height:40px\" aria-hidden=\"true\" class=\"wp-block-spacer\"><\/div>\n<\/div><\/div>\n","protected":false},"excerpt":{"rendered":"","protected":false},"author":1,"featured_media":0,"parent":0,"menu_order":0,"comment_status":"closed","ping_status":"closed","template":"","meta":{"footnotes":""},"class_list":["post-16","page","type-page","status-publish","hentry"],"_links":{"self":[{"href":"https:\/\/haslebrass.no\/index.php\/wp-json\/wp\/v2\/pages\/16","targetHints":{"allow":["GET"]}}],"collection":[{"href":"https:\/\/haslebrass.no\/index.php\/wp-json\/wp\/v2\/pages"}],"about":[{"href":"https:\/\/haslebrass.no\/index.php\/wp-json\/wp\/v2\/types\/page"}],"author":[{"embeddable":true,"href":"https:\/\/haslebrass.no\/index.php\/wp-json\/wp\/v2\/users\/1"}],"replies":[{"embeddable":true,"href":"https:\/\/haslebrass.no\/index.php\/wp-json\/wp\/v2\/comments?post=16"}],"version-history":[{"count":6,"href":"https:\/\/haslebrass.no\/index.php\/wp-json\/wp\/v2\/pages\/16\/revisions"}],"predecessor-version":[{"id":50,"href":"https:\/\/haslebrass.no\/index.php\/wp-json\/wp\/v2\/pages\/16\/revisions\/50"}],"wp:attachment":[{"href":"https:\/\/haslebrass.no\/index.php\/wp-json\/wp\/v2\/media?parent=16"}],"curies":[{"name":"wp","href":"https:\/\/api.w.org\/{rel}","templated":true}]}}